{"id":39,"date":"2025-07-06T10:27:52","date_gmt":"2025-07-06T10:27:52","guid":{"rendered":"https:\/\/franciska.dk\/?page_id=39"},"modified":"2026-04-02T17:21:24","modified_gmt":"2026-04-02T17:21:24","slug":"about","status":"publish","type":"page","link":"https:\/\/franciska.dk\/?page_id=39","title":{"rendered":"About"},"content":{"rendered":"\t\t<div data-elementor-type=\"wp-page\" data-elementor-id=\"39\" class=\"elementor elementor-39\">\n\t\t\t\t<div class=\"elementor-element elementor-element-7546a863 e-flex e-con-boxed e-con e-parent\" data-id=\"7546a863\" data-element_type=\"container\" data-e-type=\"container\">\n\t\t\t\t\t<div class=\"e-con-inner\">\n\t\t\t\t<div class=\"elementor-element elementor-element-20b6b162 elementor-widget elementor-widget-text-editor\" data-id=\"20b6b162\" data-element_type=\"widget\" data-e-type=\"widget\" data-widget_type=\"text-editor.default\">\n\t\t\t\t\t\t\t\t\t\n<p>\u00a0<\/p>\n<div class=\"wp-block-image\">\n<figure class=\"aligncenter size-large is-resized\"><img fetchpriority=\"high\" decoding=\"async\" width=\"683\" height=\"1024\" class=\"wp-image-143\" style=\"width: 273px; height: auto;\" src=\"https:\/\/franciska.dk\/wp-content\/uploads\/2025\/07\/FB_IMG_17523339174921-2-683x1024.jpg\" alt=\"\" srcset=\"https:\/\/franciska.dk\/wp-content\/uploads\/2025\/07\/FB_IMG_17523339174921-2-683x1024.jpg 683w, https:\/\/franciska.dk\/wp-content\/uploads\/2025\/07\/FB_IMG_17523339174921-2-200x300.jpg 200w, https:\/\/franciska.dk\/wp-content\/uploads\/2025\/07\/FB_IMG_17523339174921-2-768x1151.jpg 768w, https:\/\/franciska.dk\/wp-content\/uploads\/2025\/07\/FB_IMG_17523339174921-2-1025x1536.jpg 1025w, https:\/\/franciska.dk\/wp-content\/uploads\/2025\/07\/FB_IMG_17523339174921-2-1140x1709.jpg 1140w, https:\/\/franciska.dk\/wp-content\/uploads\/2025\/07\/FB_IMG_17523339174921-2.jpg 1366w\" sizes=\"(max-width: 683px) 100vw, 683px\" \/><\/figure><\/div>\n<p>\u00a0<\/p>\n\t\t\t\t\t\t\t\t<\/div>\n\t\t\t\t<div class=\"elementor-element elementor-element-47ea3be elementor-widget elementor-widget-text-editor\" data-id=\"47ea3be\" data-element_type=\"widget\" data-e-type=\"widget\" data-widget_type=\"text-editor.default\">\n\t\t\t\t\t\t\t\t\t<p><b><i>Uddannelse.<\/i><\/b><\/p>\n<p>2022-2026 kunstskolen Guldborgsund v. Carsten Krogstrup.<\/p>\n<p><span style=\"letter-spacing: 0px;\">2003-2007 Billedskolen p\u00e5 Jagtvej. Kbh N. v. Bj\u00f8rn Br\u00e5ten, Peter Holck, Ewa Werber, Ole Toph\u00f8j.<\/span><\/p>\n<p><b>Korte Kursus.<\/b><\/p>\n<p><span style=\"letter-spacing: 0px;\">2026 Jacob Hoff studio<\/span><\/p><p><span style=\"letter-spacing: 0px;\">2026 \u00c6r\u00f8 kunsth\u00f8jskole sommerkursus v. Jacob Hoff<\/span><\/p><p>2025 \u00c6r\u00f8 kunsth\u00f8jskole sommerkursus v. Rune Elgaard<\/p>\n<p>2024 \u00c6r\u00f8 kunsth\u00f8jskole sommerkursus v. Jacob Hoff<\/p>\n<p><b><i>Censurerede udstillinger.<\/i><\/b><\/p>\n<p>2025 Mississippi censureret kunstudstilling. Uglev, Thyholm.<\/p>\n<p>2025 Bugten, Censureret udstilling. K\u00f8ge kunstforening. Portalen. Hundige.<\/p>\n<p>2025 Limfjordens censureret efter\u00e5rs udstilling.&nbsp; Gimsinghoved Kunst og kulturcenter. Struer.&nbsp;<\/p>\n<p>2025 Roskilde \u00c5ben. Roskilde kunstforening. Pal\u00e6fl\u00f8jen. Roskilde.<\/p>\n<p>2024 Roskilde \u00c5ben. Pal\u00e6fl\u00f8jen. Roskilde.<\/p>\n<p><b><i>Udgivelser<\/i><\/b><\/p>\n<p>2001 Jeg-Saga. Hans Reitzels forlag.<\/p>\n<p><\/p>\t\t\t\t\t\t\t\t<\/div>\n\t\t\t\t\t<\/div>\n\t\t\t\t<\/div>\n\t\t\t\t<\/div>\n\t\t","protected":false},"excerpt":{"rendered":"<p>\u00a0 \u00a0 Uddannelse. 2022-2026 kunstskolen Guldborgsund v. Carsten Krogstrup. 2003-2007 Billedskolen p\u00e5 Jagtvej. Kbh N. v. Bj\u00f8rn Br\u00e5ten, Peter Holck, Ewa Werber, Ole Toph\u00f8j. Korte Kursus. 2026 Jacob Hoff studio 2026 \u00c6r\u00f8 kunsth\u00f8jskole sommerkursus v. Jacob Hoff 2025 \u00c6r\u00f8 kunsth\u00f8jskole sommerkursus v. Rune Elgaard 2024 \u00c6r\u00f8 kunsth\u00f8jskole sommerkursus v. Jacob Hoff Censurerede udstillinger. 2025 Mississippi censureret kunstudstilling. Uglev, Thyholm. 2025 Bugten, Censureret udstilling. K\u00f8ge kunstforening. Portalen. Hundige. 2025 Limfjordens censureret efter\u00e5rs udstilling.&nbsp; Gimsinghoved Kunst og kulturcenter. Struer.&nbsp; 2025 Roskilde \u00c5ben. Roskilde kunstforening. Pal\u00e6fl\u00f8jen. Roskilde. 2024 Roskilde \u00c5ben. Pal\u00e6fl\u00f8jen. Roskilde. Udgivelser 2001 Jeg-Saga. Hans Reitzels forlag.<\/p>\n","protected":false},"author":1,"featured_media":0,"parent":0,"menu_order":0,"comment_status":"closed","ping_status":"closed","template":"","meta":{"footnotes":""},"class_list":["post-39","page","type-page","status-publish","hentry"],"_links":{"self":[{"href":"https:\/\/franciska.dk\/index.php?rest_route=\/wp\/v2\/pages\/39","targetHints":{"allow":["GET"]}}],"collection":[{"href":"https:\/\/franciska.dk\/index.php?rest_route=\/wp\/v2\/pages"}],"about":[{"href":"https:\/\/franciska.dk\/index.php?rest_route=\/wp\/v2\/types\/page"}],"author":[{"embeddable":true,"href":"https:\/\/franciska.dk\/index.php?rest_route=\/wp\/v2\/users\/1"}],"replies":[{"embeddable":true,"href":"https:\/\/franciska.dk\/index.php?rest_route=%2Fwp%2Fv2%2Fcomments&post=39"}],"version-history":[{"count":22,"href":"https:\/\/franciska.dk\/index.php?rest_route=\/wp\/v2\/pages\/39\/revisions"}],"predecessor-version":[{"id":304,"href":"https:\/\/franciska.dk\/index.php?rest_route=\/wp\/v2\/pages\/39\/revisions\/304"}],"wp:attachment":[{"href":"https:\/\/franciska.dk\/index.php?rest_route=%2Fwp%2Fv2%2Fmedia&parent=39"}],"curies":[{"name":"wp","href":"https:\/\/api.w.org\/{rel}","templated":true}]}}