{"id":45,"date":"2025-07-06T10:28:42","date_gmt":"2025-07-06T10:28:42","guid":{"rendered":"https:\/\/franciska.dk\/?page_id=45"},"modified":"2026-04-02T17:40:00","modified_gmt":"2026-04-02T17:40:00","slug":"exhibitions","status":"publish","type":"page","link":"https:\/\/franciska.dk\/?page_id=45","title":{"rendered":"Exhibitions"},"content":{"rendered":"<div class=\"wp-block-image\">\n<figure data-wp-context=\"{&quot;imageId&quot;:&quot;69e894bb804a3&quot;}\" data-wp-interactive=\"core\/image\" class=\"aligncenter size-large is-resized wp-lightbox-container\"><img fetchpriority=\"high\" decoding=\"async\" width=\"768\" height=\"1024\" data-wp-class--hide=\"state.isContentHidden\" data-wp-class--show=\"state.isContentVisible\" data-wp-init=\"callbacks.setButtonStyles\" data-wp-on-async--click=\"actions.showLightbox\" data-wp-on-async--load=\"callbacks.setButtonStyles\" data-wp-on-async-window--resize=\"callbacks.setButtonStyles\" src=\"https:\/\/franciska.dk\/wp-content\/uploads\/2025\/07\/20250419_131307-768x1024.jpg\" alt=\"\" class=\"wp-image-205\" style=\"width:636px;height:auto\" srcset=\"https:\/\/franciska.dk\/wp-content\/uploads\/2025\/07\/20250419_131307-768x1024.jpg 768w, https:\/\/franciska.dk\/wp-content\/uploads\/2025\/07\/20250419_131307-225x300.jpg 225w, https:\/\/franciska.dk\/wp-content\/uploads\/2025\/07\/20250419_131307-1152x1536.jpg 1152w, https:\/\/franciska.dk\/wp-content\/uploads\/2025\/07\/20250419_131307-1536x2048.jpg 1536w, https:\/\/franciska.dk\/wp-content\/uploads\/2025\/07\/20250419_131307-1140x1520.jpg 1140w, https:\/\/franciska.dk\/wp-content\/uploads\/2025\/07\/20250419_131307-scaled.jpg 1920w\" sizes=\"(max-width: 768px) 100vw, 768px\" \/><button\n\t\t\tclass=\"lightbox-trigger\"\n\t\t\ttype=\"button\"\n\t\t\taria-haspopup=\"dialog\"\n\t\t\taria-label=\"Forst\u00f8r\"\n\t\t\tdata-wp-init=\"callbacks.initTriggerButton\"\n\t\t\tdata-wp-on-async--click=\"actions.showLightbox\"\n\t\t\tdata-wp-style--right=\"state.imageButtonRight\"\n\t\t\tdata-wp-style--top=\"state.imageButtonTop\"\n\t\t>\n\t\t\t<svg xmlns=\"http:\/\/www.w3.org\/2000\/svg\" width=\"12\" height=\"12\" fill=\"none\" viewBox=\"0 0 12 12\">\n\t\t\t\t<path fill=\"#fff\" d=\"M2 0a2 2 0 0 0-2 2v2h1.5V2a.5.5 0 0 1 .5-.5h2V0H2Zm2 10.5H2a.5.5 0 0 1-.5-.5V8H0v2a2 2 0 0 0 2 2h2v-1.5ZM8 12v-1.5h2a.5.5 0 0 0 .5-.5V8H12v2a2 2 0 0 1-2 2H8Zm2-12a2 2 0 0 1 2 2v2h-1.5V2a.5.5 0 0 0-.5-.5H8V0h2Z\" \/>\n\t\t\t<\/svg>\n\t\t<\/button><figcaption class=\"wp-element-caption\">Kunstskolen Guldborgssund elevudstilling 2025, Galleri Matthies.<\/figcaption><\/figure><\/div>\n\n<div class=\"wp-block-image\">\n<figure data-wp-context=\"{&quot;imageId&quot;:&quot;69e894bb808b5&quot;}\" data-wp-interactive=\"core\/image\" class=\"aligncenter size-large is-resized wp-lightbox-container\"><img decoding=\"async\" width=\"768\" height=\"1024\" data-wp-class--hide=\"state.isContentHidden\" data-wp-class--show=\"state.isContentVisible\" data-wp-init=\"callbacks.setButtonStyles\" data-wp-on-async--click=\"actions.showLightbox\" data-wp-on-async--load=\"callbacks.setButtonStyles\" data-wp-on-async-window--resize=\"callbacks.setButtonStyles\" src=\"https:\/\/franciska.dk\/wp-content\/uploads\/2025\/07\/20250417_114211-768x1024.jpg\" alt=\"\" class=\"wp-image-208\" style=\"width:658px;height:auto\" srcset=\"https:\/\/franciska.dk\/wp-content\/uploads\/2025\/07\/20250417_114211-768x1024.jpg 768w, https:\/\/franciska.dk\/wp-content\/uploads\/2025\/07\/20250417_114211-225x300.jpg 225w, https:\/\/franciska.dk\/wp-content\/uploads\/2025\/07\/20250417_114211-1152x1536.jpg 1152w, https:\/\/franciska.dk\/wp-content\/uploads\/2025\/07\/20250417_114211-1536x2048.jpg 1536w, https:\/\/franciska.dk\/wp-content\/uploads\/2025\/07\/20250417_114211-1140x1520.jpg 1140w, https:\/\/franciska.dk\/wp-content\/uploads\/2025\/07\/20250417_114211-scaled.jpg 1920w\" sizes=\"(max-width: 768px) 100vw, 768px\" \/><button\n\t\t\tclass=\"lightbox-trigger\"\n\t\t\ttype=\"button\"\n\t\t\taria-haspopup=\"dialog\"\n\t\t\taria-label=\"Forst\u00f8r\"\n\t\t\tdata-wp-init=\"callbacks.initTriggerButton\"\n\t\t\tdata-wp-on-async--click=\"actions.showLightbox\"\n\t\t\tdata-wp-style--right=\"state.imageButtonRight\"\n\t\t\tdata-wp-style--top=\"state.imageButtonTop\"\n\t\t>\n\t\t\t<svg xmlns=\"http:\/\/www.w3.org\/2000\/svg\" width=\"12\" height=\"12\" fill=\"none\" viewBox=\"0 0 12 12\">\n\t\t\t\t<path fill=\"#fff\" d=\"M2 0a2 2 0 0 0-2 2v2h1.5V2a.5.5 0 0 1 .5-.5h2V0H2Zm2 10.5H2a.5.5 0 0 1-.5-.5V8H0v2a2 2 0 0 0 2 2h2v-1.5ZM8 12v-1.5h2a.5.5 0 0 0 .5-.5V8H12v2a2 2 0 0 1-2 2H8Zm2-12a2 2 0 0 1 2 2v2h-1.5V2a.5.5 0 0 0-.5-.5H8V0h2Z\" \/>\n\t\t\t<\/svg>\n\t\t<\/button><figcaption class=\"wp-element-caption\">Galleri Matthias.<\/figcaption><\/figure><\/div>\n\n<div class=\"wp-block-image\">\n<figure data-wp-context=\"{&quot;imageId&quot;:&quot;69e894bb80c94&quot;}\" data-wp-interactive=\"core\/image\" class=\"aligncenter size-large is-resized wp-lightbox-container\"><img decoding=\"async\" width=\"1024\" height=\"945\" data-wp-class--hide=\"state.isContentHidden\" data-wp-class--show=\"state.isContentVisible\" data-wp-init=\"callbacks.setButtonStyles\" data-wp-on-async--click=\"actions.showLightbox\" data-wp-on-async--load=\"callbacks.setButtonStyles\" data-wp-on-async-window--resize=\"callbacks.setButtonStyles\" src=\"https:\/\/franciska.dk\/wp-content\/uploads\/2025\/07\/20250510_144312-1024x945.jpg\" alt=\"\" class=\"wp-image-209\" style=\"width:668px;height:auto\" srcset=\"https:\/\/franciska.dk\/wp-content\/uploads\/2025\/07\/20250510_144312-1024x945.jpg 1024w, https:\/\/franciska.dk\/wp-content\/uploads\/2025\/07\/20250510_144312-300x277.jpg 300w, https:\/\/franciska.dk\/wp-content\/uploads\/2025\/07\/20250510_144312-768x709.jpg 768w, https:\/\/franciska.dk\/wp-content\/uploads\/2025\/07\/20250510_144312-1536x1418.jpg 1536w, https:\/\/franciska.dk\/wp-content\/uploads\/2025\/07\/20250510_144312-2048x1891.jpg 2048w, https:\/\/franciska.dk\/wp-content\/uploads\/2025\/07\/20250510_144312-1140x1053.jpg 1140w\" sizes=\"(max-width: 1024px) 100vw, 1024px\" \/><button\n\t\t\tclass=\"lightbox-trigger\"\n\t\t\ttype=\"button\"\n\t\t\taria-haspopup=\"dialog\"\n\t\t\taria-label=\"Forst\u00f8r\"\n\t\t\tdata-wp-init=\"callbacks.initTriggerButton\"\n\t\t\tdata-wp-on-async--click=\"actions.showLightbox\"\n\t\t\tdata-wp-style--right=\"state.imageButtonRight\"\n\t\t\tdata-wp-style--top=\"state.imageButtonTop\"\n\t\t>\n\t\t\t<svg xmlns=\"http:\/\/www.w3.org\/2000\/svg\" width=\"12\" height=\"12\" fill=\"none\" viewBox=\"0 0 12 12\">\n\t\t\t\t<path fill=\"#fff\" d=\"M2 0a2 2 0 0 0-2 2v2h1.5V2a.5.5 0 0 1 .5-.5h2V0H2Zm2 10.5H2a.5.5 0 0 1-.5-.5V8H0v2a2 2 0 0 0 2 2h2v-1.5ZM8 12v-1.5h2a.5.5 0 0 0 .5-.5V8H12v2a2 2 0 0 1-2 2H8Zm2-12a2 2 0 0 1 2 2v2h-1.5V2a.5.5 0 0 0-.5-.5H8V0h2Z\" \/>\n\t\t\t<\/svg>\n\t\t<\/button><figcaption class=\"wp-element-caption\">Mississippi censurerede udstilling.<\/figcaption><\/figure><\/div>\n\n\n<figure data-wp-context=\"{&quot;imageId&quot;:&quot;69e894bb80fc6&quot;}\" data-wp-interactive=\"core\/image\" class=\"wp-block-image size-large wp-lightbox-container\"><img loading=\"lazy\" decoding=\"async\" width=\"1024\" height=\"668\" data-wp-class--hide=\"state.isContentHidden\" data-wp-class--show=\"state.isContentVisible\" data-wp-init=\"callbacks.setButtonStyles\" data-wp-on-async--click=\"actions.showLightbox\" data-wp-on-async--load=\"callbacks.setButtonStyles\" data-wp-on-async-window--resize=\"callbacks.setButtonStyles\" src=\"https:\/\/franciska.dk\/wp-content\/uploads\/2025\/07\/20240712_171226-1024x668.jpg\" alt=\"\" class=\"wp-image-211\" srcset=\"https:\/\/franciska.dk\/wp-content\/uploads\/2025\/07\/20240712_171226-1024x668.jpg 1024w, https:\/\/franciska.dk\/wp-content\/uploads\/2025\/07\/20240712_171226-300x196.jpg 300w, https:\/\/franciska.dk\/wp-content\/uploads\/2025\/07\/20240712_171226-768x501.jpg 768w, https:\/\/franciska.dk\/wp-content\/uploads\/2025\/07\/20240712_171226-1536x1002.jpg 1536w, https:\/\/franciska.dk\/wp-content\/uploads\/2025\/07\/20240712_171226-2048x1336.jpg 2048w, https:\/\/franciska.dk\/wp-content\/uploads\/2025\/07\/20240712_171226-1140x744.jpg 1140w\" sizes=\"(max-width: 1024px) 100vw, 1024px\" \/><button\n\t\t\tclass=\"lightbox-trigger\"\n\t\t\ttype=\"button\"\n\t\t\taria-haspopup=\"dialog\"\n\t\t\taria-label=\"Forst\u00f8r\"\n\t\t\tdata-wp-init=\"callbacks.initTriggerButton\"\n\t\t\tdata-wp-on-async--click=\"actions.showLightbox\"\n\t\t\tdata-wp-style--right=\"state.imageButtonRight\"\n\t\t\tdata-wp-style--top=\"state.imageButtonTop\"\n\t\t>\n\t\t\t<svg xmlns=\"http:\/\/www.w3.org\/2000\/svg\" width=\"12\" height=\"12\" fill=\"none\" viewBox=\"0 0 12 12\">\n\t\t\t\t<path fill=\"#fff\" d=\"M2 0a2 2 0 0 0-2 2v2h1.5V2a.5.5 0 0 1 .5-.5h2V0H2Zm2 10.5H2a.5.5 0 0 1-.5-.5V8H0v2a2 2 0 0 0 2 2h2v-1.5ZM8 12v-1.5h2a.5.5 0 0 0 .5-.5V8H12v2a2 2 0 0 1-2 2H8Zm2-12a2 2 0 0 1 2 2v2h-1.5V2a.5.5 0 0 0-.5-.5H8V0h2Z\" \/>\n\t\t\t<\/svg>\n\t\t<\/button><\/figure>\n\n\n\n<p>\u00c6r\u00f8 kunsth\u00f8jskole. Sommerkursus afsluttede udstilling.<\/p>\n\n\n\n<figure data-wp-context=\"{&quot;imageId&quot;:&quot;69e894bb8128c&quot;}\" data-wp-interactive=\"core\/image\" class=\"wp-block-image size-large wp-lightbox-container\"><img loading=\"lazy\" decoding=\"async\" width=\"1024\" height=\"755\" data-wp-class--hide=\"state.isContentHidden\" data-wp-class--show=\"state.isContentVisible\" data-wp-init=\"callbacks.setButtonStyles\" data-wp-on-async--click=\"actions.showLightbox\" data-wp-on-async--load=\"callbacks.setButtonStyles\" data-wp-on-async-window--resize=\"callbacks.setButtonStyles\" src=\"https:\/\/franciska.dk\/wp-content\/uploads\/2025\/07\/20240328_111312-1024x755.jpg\" alt=\"\" class=\"wp-image-213\" srcset=\"https:\/\/franciska.dk\/wp-content\/uploads\/2025\/07\/20240328_111312-1024x755.jpg 1024w, https:\/\/franciska.dk\/wp-content\/uploads\/2025\/07\/20240328_111312-300x221.jpg 300w, https:\/\/franciska.dk\/wp-content\/uploads\/2025\/07\/20240328_111312-768x567.jpg 768w, https:\/\/franciska.dk\/wp-content\/uploads\/2025\/07\/20240328_111312-1536x1133.jpg 1536w, https:\/\/franciska.dk\/wp-content\/uploads\/2025\/07\/20240328_111312-2048x1511.jpg 2048w, https:\/\/franciska.dk\/wp-content\/uploads\/2025\/07\/20240328_111312-1140x841.jpg 1140w\" sizes=\"(max-width: 1024px) 100vw, 1024px\" \/><button\n\t\t\tclass=\"lightbox-trigger\"\n\t\t\ttype=\"button\"\n\t\t\taria-haspopup=\"dialog\"\n\t\t\taria-label=\"Forst\u00f8r\"\n\t\t\tdata-wp-init=\"callbacks.initTriggerButton\"\n\t\t\tdata-wp-on-async--click=\"actions.showLightbox\"\n\t\t\tdata-wp-style--right=\"state.imageButtonRight\"\n\t\t\tdata-wp-style--top=\"state.imageButtonTop\"\n\t\t>\n\t\t\t<svg xmlns=\"http:\/\/www.w3.org\/2000\/svg\" width=\"12\" height=\"12\" fill=\"none\" viewBox=\"0 0 12 12\">\n\t\t\t\t<path fill=\"#fff\" d=\"M2 0a2 2 0 0 0-2 2v2h1.5V2a.5.5 0 0 1 .5-.5h2V0H2Zm2 10.5H2a.5.5 0 0 1-.5-.5V8H0v2a2 2 0 0 0 2 2h2v-1.5ZM8 12v-1.5h2a.5.5 0 0 0 .5-.5V8H12v2a2 2 0 0 1-2 2H8Zm2-12a2 2 0 0 1 2 2v2h-1.5V2a.5.5 0 0 0-.5-.5H8V0h2Z\" \/>\n\t\t\t<\/svg>\n\t\t<\/button><figcaption class=\"wp-element-caption\">Kunstskolen Guldborgssund elevudstilling 2024. Galleri Matthias<\/figcaption><\/figure>\n\n\n<div class=\"wp-block-image\">\n<figure data-wp-context=\"{&quot;imageId&quot;:&quot;69e894bb816e6&quot;}\" data-wp-interactive=\"core\/image\" class=\"aligncenter size-large wp-lightbox-container\"><img loading=\"lazy\" decoding=\"async\" width=\"677\" height=\"1024\" data-wp-class--hide=\"state.isContentHidden\" data-wp-class--show=\"state.isContentVisible\" data-wp-init=\"callbacks.setButtonStyles\" data-wp-on-async--click=\"actions.showLightbox\" data-wp-on-async--load=\"callbacks.setButtonStyles\" data-wp-on-async-window--resize=\"callbacks.setButtonStyles\" src=\"https:\/\/franciska.dk\/wp-content\/uploads\/2025\/09\/20250920_132034-1-677x1024.jpg\" alt=\"\" class=\"wp-image-262\" srcset=\"https:\/\/franciska.dk\/wp-content\/uploads\/2025\/09\/20250920_132034-1-677x1024.jpg 677w, https:\/\/franciska.dk\/wp-content\/uploads\/2025\/09\/20250920_132034-1-198x300.jpg 198w, https:\/\/franciska.dk\/wp-content\/uploads\/2025\/09\/20250920_132034-1-768x1162.jpg 768w, https:\/\/franciska.dk\/wp-content\/uploads\/2025\/09\/20250920_132034-1-1015x1536.jpg 1015w, https:\/\/franciska.dk\/wp-content\/uploads\/2025\/09\/20250920_132034-1-1354x2048.jpg 1354w, https:\/\/franciska.dk\/wp-content\/uploads\/2025\/09\/20250920_132034-1-1140x1724.jpg 1140w, https:\/\/franciska.dk\/wp-content\/uploads\/2025\/09\/20250920_132034-1-scaled.jpg 1692w\" sizes=\"(max-width: 677px) 100vw, 677px\" \/><button\n\t\t\tclass=\"lightbox-trigger\"\n\t\t\ttype=\"button\"\n\t\t\taria-haspopup=\"dialog\"\n\t\t\taria-label=\"Forst\u00f8r\"\n\t\t\tdata-wp-init=\"callbacks.initTriggerButton\"\n\t\t\tdata-wp-on-async--click=\"actions.showLightbox\"\n\t\t\tdata-wp-style--right=\"state.imageButtonRight\"\n\t\t\tdata-wp-style--top=\"state.imageButtonTop\"\n\t\t>\n\t\t\t<svg xmlns=\"http:\/\/www.w3.org\/2000\/svg\" width=\"12\" height=\"12\" fill=\"none\" viewBox=\"0 0 12 12\">\n\t\t\t\t<path fill=\"#fff\" d=\"M2 0a2 2 0 0 0-2 2v2h1.5V2a.5.5 0 0 1 .5-.5h2V0H2Zm2 10.5H2a.5.5 0 0 1-.5-.5V8H0v2a2 2 0 0 0 2 2h2v-1.5ZM8 12v-1.5h2a.5.5 0 0 0 .5-.5V8H12v2a2 2 0 0 1-2 2H8Zm2-12a2 2 0 0 1 2 2v2h-1.5V2a.5.5 0 0 0-.5-.5H8V0h2Z\" \/>\n\t\t\t<\/svg>\n\t\t<\/button><figcaption class=\"wp-element-caption\">Bugten 2025. Censurerede udstilling i Portalen, Hundige. <\/figcaption><\/figure><\/div>\n\n<div class=\"wp-block-image\">\n<figure data-wp-context=\"{&quot;imageId&quot;:&quot;69e894bb8199f&quot;}\" data-wp-interactive=\"core\/image\" class=\"aligncenter size-large wp-lightbox-container\"><img loading=\"lazy\" decoding=\"async\" width=\"1024\" height=\"901\" data-wp-class--hide=\"state.isContentHidden\" data-wp-class--show=\"state.isContentVisible\" data-wp-init=\"callbacks.setButtonStyles\" data-wp-on-async--click=\"actions.showLightbox\" data-wp-on-async--load=\"callbacks.setButtonStyles\" data-wp-on-async-window--resize=\"callbacks.setButtonStyles\" src=\"https:\/\/franciska.dk\/wp-content\/uploads\/2025\/09\/20250920_140810-1-1024x901.jpg\" alt=\"\" class=\"wp-image-265\" srcset=\"https:\/\/franciska.dk\/wp-content\/uploads\/2025\/09\/20250920_140810-1-1024x901.jpg 1024w, https:\/\/franciska.dk\/wp-content\/uploads\/2025\/09\/20250920_140810-1-300x264.jpg 300w, https:\/\/franciska.dk\/wp-content\/uploads\/2025\/09\/20250920_140810-1-768x676.jpg 768w, https:\/\/franciska.dk\/wp-content\/uploads\/2025\/09\/20250920_140810-1-1536x1352.jpg 1536w, https:\/\/franciska.dk\/wp-content\/uploads\/2025\/09\/20250920_140810-1-2048x1803.jpg 2048w, https:\/\/franciska.dk\/wp-content\/uploads\/2025\/09\/20250920_140810-1-1140x1004.jpg 1140w\" sizes=\"(max-width: 1024px) 100vw, 1024px\" \/><button\n\t\t\tclass=\"lightbox-trigger\"\n\t\t\ttype=\"button\"\n\t\t\taria-haspopup=\"dialog\"\n\t\t\taria-label=\"Forst\u00f8r\"\n\t\t\tdata-wp-init=\"callbacks.initTriggerButton\"\n\t\t\tdata-wp-on-async--click=\"actions.showLightbox\"\n\t\t\tdata-wp-style--right=\"state.imageButtonRight\"\n\t\t\tdata-wp-style--top=\"state.imageButtonTop\"\n\t\t>\n\t\t\t<svg xmlns=\"http:\/\/www.w3.org\/2000\/svg\" width=\"12\" height=\"12\" fill=\"none\" viewBox=\"0 0 12 12\">\n\t\t\t\t<path fill=\"#fff\" d=\"M2 0a2 2 0 0 0-2 2v2h1.5V2a.5.5 0 0 1 .5-.5h2V0H2Zm2 10.5H2a.5.5 0 0 1-.5-.5V8H0v2a2 2 0 0 0 2 2h2v-1.5ZM8 12v-1.5h2a.5.5 0 0 0 .5-.5V8H12v2a2 2 0 0 1-2 2H8Zm2-12a2 2 0 0 1 2 2v2h-1.5V2a.5.5 0 0 0-.5-.5H8V0h2Z\" \/>\n\t\t\t<\/svg>\n\t\t<\/button><figcaption class=\"wp-element-caption\">Bugten 2025. Censurerede udstilling, Portalen.<\/figcaption><\/figure><\/div>\n\n<div class=\"wp-block-image\">\n<figure class=\"aligncenter size-large\"><img loading=\"lazy\" decoding=\"async\" width=\"1024\" height=\"802\" src=\"https:\/\/franciska.dk\/wp-content\/uploads\/2026\/04\/20260402_11271111-1-1024x802.jpg\" alt=\"\" class=\"wp-image-310\" srcset=\"https:\/\/franciska.dk\/wp-content\/uploads\/2026\/04\/20260402_11271111-1-1024x802.jpg 1024w, https:\/\/franciska.dk\/wp-content\/uploads\/2026\/04\/20260402_11271111-1-300x235.jpg 300w, https:\/\/franciska.dk\/wp-content\/uploads\/2026\/04\/20260402_11271111-1-768x602.jpg 768w, https:\/\/franciska.dk\/wp-content\/uploads\/2026\/04\/20260402_11271111-1-1536x1203.jpg 1536w, https:\/\/franciska.dk\/wp-content\/uploads\/2026\/04\/20260402_11271111-1-2048x1604.jpg 2048w, https:\/\/franciska.dk\/wp-content\/uploads\/2026\/04\/20260402_11271111-1-1140x893.jpg 1140w\" sizes=\"(max-width: 1024px) 100vw, 1024px\" \/><figcaption class=\"wp-element-caption\">Kunstskolen Guldborgssund elevudstilling 2026, Galleri Matthias<\/figcaption><\/figure><\/div>\n\n\n<p><\/p>\n","protected":false},"excerpt":{"rendered":"<p>\u00c6r\u00f8 kunsth\u00f8jskole. Sommerkursus afsluttede udstilling.<\/p>\n","protected":false},"author":1,"featured_media":0,"parent":0,"menu_order":0,"comment_status":"closed","ping_status":"closed","template":"","meta":{"footnotes":""},"class_list":["post-45","page","type-page","status-publish","hentry"],"_links":{"self":[{"href":"https:\/\/franciska.dk\/index.php?rest_route=\/wp\/v2\/pages\/45","targetHints":{"allow":["GET"]}}],"collection":[{"href":"https:\/\/franciska.dk\/index.php?rest_route=\/wp\/v2\/pages"}],"about":[{"href":"https:\/\/franciska.dk\/index.php?rest_route=\/wp\/v2\/types\/page"}],"author":[{"embeddable":true,"href":"https:\/\/franciska.dk\/index.php?rest_route=\/wp\/v2\/users\/1"}],"replies":[{"embeddable":true,"href":"https:\/\/franciska.dk\/index.php?rest_route=%2Fwp%2Fv2%2Fcomments&post=45"}],"version-history":[{"count":11,"href":"https:\/\/franciska.dk\/index.php?rest_route=\/wp\/v2\/pages\/45\/revisions"}],"predecessor-version":[{"id":312,"href":"https:\/\/franciska.dk\/index.php?rest_route=\/wp\/v2\/pages\/45\/revisions\/312"}],"wp:attachment":[{"href":"https:\/\/franciska.dk\/index.php?rest_route=%2Fwp%2Fv2%2Fmedia&parent=45"}],"curies":[{"name":"wp","href":"https:\/\/api.w.org\/{rel}","templated":true}]}}